{"id":145,"date":"2021-04-29T14:09:58","date_gmt":"2021-04-29T12:09:58","guid":{"rendered":"https:\/\/saltenhygge.no\/sykkelutleie\/?post_type=product&#038;p=145"},"modified":"2023-10-20T11:46:37","modified_gmt":"2023-10-20T09:46:37","slug":"dbs-core-superlight-24-cm-barn","status":"publish","type":"product","link":"https:\/\/saltenhygge.no\/sykkelutleie\/product\/dbs-core-superlight-24-cm-barn\/","title":{"rendered":"DBS Core Superlight 24 cm (Barn)"},"content":{"rendered":"<p>DBS CORE SUPERLIGHT 26\u201d DBS Core er en superlett juniorsykkel og den er ogs\u00e5 blant markedets letteste. Med en tyngde p\u00e5 bare 11,5 kilo er dette en real lettvekter. Denne sykkelen kommer med hydrauliske skivebremser og 2&#215;9 utveksling.<\/p>\n<p>&nbsp;<\/p>\n<p><span data-contrast=\"none\">Med syklene f\u00f8lger det hjelm, en liten servicemappe og brosjyren \u00abP\u00e5 2 hjul i Saltdal\u00bb som inneholder informasjon om sykkelstien som g\u00e5r gjennom bygda.<\/span><span data-ccp-props=\"{}\">\u00a0<\/span><\/p>\n<p><span data-contrast=\"none\">Henting og tilbakelevering av sykler m\u00e5 skje innenfor v\u00e5re \u00e5pningstider.<\/span><span data-ccp-props=\"{}\">\u00a0<\/span><\/p>\n<p><span data-contrast=\"none\">Rognan Taxi tilbyr 20% rabatt p\u00e5 transport med sykkel mot fremvisning av billett p\u00e5 sykkelutleie.<\/span><span data-ccp-props=\"{}\">\u00a0<\/span><\/p>\n<p><span data-contrast=\"none\">Vi tar betalt for et avbestillingsgebyr p\u00e5 100 % hvis bookingen avbestilles 1 time eller mindre f\u00f8r tidspunkt for avhenting.<\/span><span data-ccp-props=\"{}\">\u00a0<\/span><\/p>\n","protected":false},"excerpt":{"rendered":"<p>V\u00e6r oppmerksom p\u00e5 at sykkel ikke er reservert f\u00f8r du har fullf\u00f8rt kj\u00f8pet. Hvis du ikke finner ledig sykkel p\u00e5 \u00f8nsket dato, pr\u00f8v et annet hentetidspunkt p\u00e5 samme dag.<br \/>\n<em>Kun d\u00f8gnleie. Kr. 125 pr time over hele d\u00f8gn.\u00a0<\/em><\/p>\n","protected":false},"featured_media":199,"template":"","meta":{"_acf_changed":false},"product_brand":[],"product_cat":[26],"product_tag":[],"class_list":{"0":"post-145","1":"product","2":"type-product","3":"status-publish","4":"has-post-thumbnail","6":"product_cat-sykkelutleie","8":"first","9":"outofstock","10":"shipping-taxable","11":"purchasable","12":"product-type-redq_rental"},"acf":[],"_links":{"self":[{"href":"https:\/\/saltenhygge.no\/sykkelutleie\/wp-json\/wp\/v2\/product\/145","targetHints":{"allow":["GET"]}}],"collection":[{"href":"https:\/\/saltenhygge.no\/sykkelutleie\/wp-json\/wp\/v2\/product"}],"about":[{"href":"https:\/\/saltenhygge.no\/sykkelutleie\/wp-json\/wp\/v2\/types\/product"}],"wp:featuredmedia":[{"embeddable":true,"href":"https:\/\/saltenhygge.no\/sykkelutleie\/wp-json\/wp\/v2\/media\/199"}],"wp:attachment":[{"href":"https:\/\/saltenhygge.no\/sykkelutleie\/wp-json\/wp\/v2\/media?parent=145"}],"wp:term":[{"taxonomy":"product_brand","embeddable":true,"href":"https:\/\/saltenhygge.no\/sykkelutleie\/wp-json\/wp\/v2\/product_brand?post=145"},{"taxonomy":"product_cat","embeddable":true,"href":"https:\/\/saltenhygge.no\/sykkelutleie\/wp-json\/wp\/v2\/product_cat?post=145"},{"taxonomy":"product_tag","embeddable":true,"href":"https:\/\/saltenhygge.no\/sykkelutleie\/wp-json\/wp\/v2\/product_tag?post=145"}],"curies":[{"name":"wp","href":"https:\/\/api.w.org\/{rel}","templated":true}]}}