{"id":155,"date":"2021-04-30T12:21:21","date_gmt":"2021-04-30T10:21:21","guid":{"rendered":"https:\/\/saltenhygge.no\/sykkelutleie\/?post_type=product&#038;p=155"},"modified":"2023-10-20T11:46:19","modified_gmt":"2023-10-20T09:46:19","slug":"lunsjpakke-nordnes","status":"publish","type":"product","link":"https:\/\/saltenhygge.no\/sykkelutleie\/product\/lunsjpakke-nordnes\/","title":{"rendered":"Nistepakke Bj\u00f8nnholmen"},"content":{"rendered":"<p>Allergener: gluten, melk<\/p>\n","protected":false},"excerpt":{"rendered":"<div dir=\"ltr\">\n<div class=\"WordSection1\">\n<p><strong>Tilbud som gjelder i sykkelutleie sesongen fra ca. 26. juni til 27. august. M\u00e5 bestilles dagen f\u00f8r man skal p\u00e5 tur! <\/strong><\/p>\n<p>Best\u00e5r av en wraps (tortillalefse) med marinert kylling og salat.<\/p>\n<p>Valgfri Sn\u00e5savann med kullsyre &amp; Sitron, kullsyre &amp; bringeb\u00e6rsmak, vann med kullsyre og vann uten.<\/p>\n<\/div>\n<\/div>\n<div dir=\"ltr\">\n<div class=\"WordSection1\">\n<p>En Kvikk Lunsj fra Freia,\u00a0som er\u00a0Norges tursjokolade siden 1937.<\/p>\n<p>Blir levert i papirpose til \u00e5 ha med p\u00e5 tur!<\/p>\n<\/div>\n<\/div>\n<p>&nbsp;<\/p>\n","protected":false},"featured_media":677,"template":"","meta":{"_acf_changed":false},"product_brand":[],"product_cat":[27],"product_tag":[],"class_list":{"0":"post-155","1":"product","2":"type-product","3":"status-publish","4":"has-post-thumbnail","6":"product_cat-lunsjpakker","8":"first","9":"outofstock","10":"shipping-taxable","11":"purchasable","12":"product-type-simple"},"acf":[],"_links":{"self":[{"href":"https:\/\/saltenhygge.no\/sykkelutleie\/wp-json\/wp\/v2\/product\/155","targetHints":{"allow":["GET"]}}],"collection":[{"href":"https:\/\/saltenhygge.no\/sykkelutleie\/wp-json\/wp\/v2\/product"}],"about":[{"href":"https:\/\/saltenhygge.no\/sykkelutleie\/wp-json\/wp\/v2\/types\/product"}],"wp:featuredmedia":[{"embeddable":true,"href":"https:\/\/saltenhygge.no\/sykkelutleie\/wp-json\/wp\/v2\/media\/677"}],"wp:attachment":[{"href":"https:\/\/saltenhygge.no\/sykkelutleie\/wp-json\/wp\/v2\/media?parent=155"}],"wp:term":[{"taxonomy":"product_brand","embeddable":true,"href":"https:\/\/saltenhygge.no\/sykkelutleie\/wp-json\/wp\/v2\/product_brand?post=155"},{"taxonomy":"product_cat","embeddable":true,"href":"https:\/\/saltenhygge.no\/sykkelutleie\/wp-json\/wp\/v2\/product_cat?post=155"},{"taxonomy":"product_tag","embeddable":true,"href":"https:\/\/saltenhygge.no\/sykkelutleie\/wp-json\/wp\/v2\/product_tag?post=155"}],"curies":[{"name":"wp","href":"https:\/\/api.w.org\/{rel}","templated":true}]}}