{"id":156,"date":"2021-04-30T12:23:17","date_gmt":"2021-04-30T10:23:17","guid":{"rendered":"https:\/\/saltenhygge.no\/sykkelutleie\/?post_type=product&#038;p=156"},"modified":"2023-10-20T11:46:10","modified_gmt":"2023-10-20T09:46:10","slug":"lunsjpakke-langanes","status":"publish","type":"product","link":"https:\/\/saltenhygge.no\/sykkelutleie\/product\/lunsjpakke-langanes\/","title":{"rendered":"Nistepakke Nordnes"},"content":{"rendered":"<p>Allergener:\u00a0<strong>Gluten, melk, egg, sennep.<\/strong><\/p>\n","protected":false},"excerpt":{"rendered":"<p><strong>Tilbud som gjelder i sykkelutleie sesongen fra ca. 26. juni til 27. august. M\u00e5 bestilles dagen f\u00f8r man skal p\u00e5 tur!\u00a0<\/strong><\/p>\n<p>Best\u00e5r av speketallerken med hjemmelaget flatbr\u00f8d, potetsalat, egger\u00f8re og ripschutney. I tillegg sm\u00f8r og r\u00f8mme.<\/p>\n<p>Valgfri Sn\u00e5savann med kullsyre &amp; Sitron, kullsyre &amp; bringeb\u00e6rsmak, vann med kullsyre og vann uten.<\/p>\n<p>En Kvikk Lunsj fra Freia, som er Norges tursjokolade siden 1937.<\/p>\n<p>Blir levert i papirpose til \u00e5 ha med p\u00e5 tur!<\/p>\n","protected":false},"featured_media":641,"template":"","meta":{"_acf_changed":false},"product_brand":[],"product_cat":[27],"product_tag":[],"class_list":{"0":"post-156","1":"product","2":"type-product","3":"status-publish","4":"has-post-thumbnail","6":"product_cat-lunsjpakker","8":"first","9":"outofstock","10":"shipping-taxable","11":"purchasable","12":"product-type-simple"},"acf":[],"_links":{"self":[{"href":"https:\/\/saltenhygge.no\/sykkelutleie\/wp-json\/wp\/v2\/product\/156","targetHints":{"allow":["GET"]}}],"collection":[{"href":"https:\/\/saltenhygge.no\/sykkelutleie\/wp-json\/wp\/v2\/product"}],"about":[{"href":"https:\/\/saltenhygge.no\/sykkelutleie\/wp-json\/wp\/v2\/types\/product"}],"wp:featuredmedia":[{"embeddable":true,"href":"https:\/\/saltenhygge.no\/sykkelutleie\/wp-json\/wp\/v2\/media\/641"}],"wp:attachment":[{"href":"https:\/\/saltenhygge.no\/sykkelutleie\/wp-json\/wp\/v2\/media?parent=156"}],"wp:term":[{"taxonomy":"product_brand","embeddable":true,"href":"https:\/\/saltenhygge.no\/sykkelutleie\/wp-json\/wp\/v2\/product_brand?post=156"},{"taxonomy":"product_cat","embeddable":true,"href":"https:\/\/saltenhygge.no\/sykkelutleie\/wp-json\/wp\/v2\/product_cat?post=156"},{"taxonomy":"product_tag","embeddable":true,"href":"https:\/\/saltenhygge.no\/sykkelutleie\/wp-json\/wp\/v2\/product_tag?post=156"}],"curies":[{"name":"wp","href":"https:\/\/api.w.org\/{rel}","templated":true}]}}