{"id":164,"date":"2021-04-30T12:32:58","date_gmt":"2021-04-30T10:32:58","guid":{"rendered":"https:\/\/saltenhygge.no\/sykkelutleie\/?post_type=product&#038;p=164"},"modified":"2023-10-20T11:45:11","modified_gmt":"2023-10-20T09:45:11","slug":"dbs-core-unisex-43-cm","status":"publish","type":"product","link":"https:\/\/saltenhygge.no\/sykkelutleie\/product\/dbs-core-unisex-43-cm\/","title":{"rendered":"DBS Core Unisex 43 cm"},"content":{"rendered":"<p>Terrengsykkel for deg som \u00f8nsker en suveren sykkel til trening, men ogs\u00e5 til tur og transport. Her f\u00e5r du en lett aluminiumsramme som er spekket med presist og solid utstyr.<\/p>\n<p>&nbsp;<\/p>\n<p><span data-contrast=\"none\">Med syklene f\u00f8lger det hjelm, en liten servicemappe og brosjyren \u00abP\u00e5 2 hjul i Saltdal\u00bb som inneholder informasjon om sykkelstien som g\u00e5r gjennom bygda.<\/span><span data-ccp-props=\"{}\">\u00a0<\/span><\/p>\n<p><span data-contrast=\"none\">Henting og tilbakelevering av sykler m\u00e5 skje innenfor v\u00e5re \u00e5pningstider.<\/span><span data-ccp-props=\"{}\">\u00a0<\/span><\/p>\n<p><span data-contrast=\"none\">Rognan Taxi tilbyr 20% rabatt p\u00e5 transport med sykkel mot fremvisning av billett p\u00e5 sykkelutleie.<\/span><span data-ccp-props=\"{}\">\u00a0<\/span><\/p>\n<p><span data-contrast=\"none\">Vi tar betalt for et avbestillingsgebyr p\u00e5 100 % hvis bookingen avbestilles 1 time eller mindre f\u00f8r tidspunkt for avhenting.<\/span><span data-ccp-props=\"{}\">\u00a0<\/span><\/p>\n","protected":false},"excerpt":{"rendered":"<p>V\u00e6r oppmerksom p\u00e5 at sykkel ikke er reservert f\u00f8r du har fullf\u00f8rt kj\u00f8pet. Hvis du ikke finner ledig sykkel p\u00e5 \u00f8nsket dato, pr\u00f8v et annet hentetidspunkt p\u00e5 samme dag.<br \/>\n<em>Kun d\u00f8gnleie. Kr. 150 pr time over hele d\u00f8gn. Husk \u00e5 legge til barnesete eller sykkelkurv i bestillingen din om du \u00f8nsker det.\u00a0<\/em><\/p>\n","protected":false},"featured_media":197,"template":"","meta":{"_acf_changed":false},"product_brand":[],"product_cat":[26],"product_tag":[],"class_list":{"0":"post-164","1":"product","2":"type-product","3":"status-publish","4":"has-post-thumbnail","6":"product_cat-sykkelutleie","8":"first","9":"outofstock","10":"shipping-taxable","11":"purchasable","12":"product-type-redq_rental"},"acf":[],"_links":{"self":[{"href":"https:\/\/saltenhygge.no\/sykkelutleie\/wp-json\/wp\/v2\/product\/164","targetHints":{"allow":["GET"]}}],"collection":[{"href":"https:\/\/saltenhygge.no\/sykkelutleie\/wp-json\/wp\/v2\/product"}],"about":[{"href":"https:\/\/saltenhygge.no\/sykkelutleie\/wp-json\/wp\/v2\/types\/product"}],"wp:featuredmedia":[{"embeddable":true,"href":"https:\/\/saltenhygge.no\/sykkelutleie\/wp-json\/wp\/v2\/media\/197"}],"wp:attachment":[{"href":"https:\/\/saltenhygge.no\/sykkelutleie\/wp-json\/wp\/v2\/media?parent=164"}],"wp:term":[{"taxonomy":"product_brand","embeddable":true,"href":"https:\/\/saltenhygge.no\/sykkelutleie\/wp-json\/wp\/v2\/product_brand?post=164"},{"taxonomy":"product_cat","embeddable":true,"href":"https:\/\/saltenhygge.no\/sykkelutleie\/wp-json\/wp\/v2\/product_cat?post=164"},{"taxonomy":"product_tag","embeddable":true,"href":"https:\/\/saltenhygge.no\/sykkelutleie\/wp-json\/wp\/v2\/product_tag?post=164"}],"curies":[{"name":"wp","href":"https:\/\/api.w.org\/{rel}","templated":true}]}}